{"id":92,"date":"2021-01-27T09:27:41","date_gmt":"2021-01-27T09:27:41","guid":{"rendered":"https:\/\/www.100faktor.com\/?page_id=92"},"modified":"2024-12-30T11:27:16","modified_gmt":"2024-12-30T11:27:16","slug":"fenomen","status":"publish","type":"page","link":"https:\/\/www.100faktor.com\/index.php\/fenomen\/","title":{"rendered":"\u0130smimiz"},"content":{"rendered":"<div class=\"color3-background-color color-3-text-contrast bg-background-color tmpl-blog-5 boldgrid-section dynamic-gridblock\">\n<div class=\"container\">\n<div class=\"row\">\n<div class=\"col-md-6 col-sm-12 col-xs-12\">\n<div class=\"bg-box\">\n<h3>\u00a0Y\u00fcz\u00fcnc\u00fc Fakt\u00f6r, y\u00f6netim dan\u0131\u015fman\u0131 Ufuk Ko\u00e7 taraf\u0131ndan insan kaynaklar\u0131, y\u00f6netim ve kurumsal geli\u015fim dan\u0131\u015fmanl\u0131\u011f\u0131 projelerini hayata ge\u00e7irmek amac\u0131yla 2 Ocak 2009 y\u0131l\u0131nda kuruldu. \u00c7\u00fcnk\u00fc 1 Ocak tatildi..!<\/h3>\n<p>Hacim olarak sabit kalarak, proje ihtiyac\u0131na g\u00f6re farkl\u0131 dan\u0131\u015fmanlar\u0131n bir araya geldi\u011fi, her projenin ruhuna ve amac\u0131na \u00f6zel insanlar\u0131n kat\u0131ld\u0131\u011f\u0131 tasar\u0131mlar\u0131n alt\u0131na imza att\u0131.<\/p>\n<p>Hikayemiz <strong>Y\u00fcz\u00fcnc\u00fc Maymun Fenomeni<\/strong>nin bilginin yay\u0131lmas\u0131 i\u00e7in kritik say\u0131ya ula\u015fma temeli \u00fczerinde y\u00fckselir. Amac\u0131m\u0131z, i\u015f ortaklar\u0131m\u0131zda bilgiyi payla\u015fmay\u0131, \u015feffafl\u0131\u011f\u0131 ve birlikte ya\u015fama becerisini t\u00fcm payda\u015flarda bir beceri haline getirmektir.<\/p>\n<h3 class=\"\">\u0130smimiz nereden geliyor?<\/h3>\n<p>&nbsp;<\/p>\n<h3 class=\"color2-color\"><strong>Y\u00dcZ\u00dcNC\u00dc MAYMUN FENOMEN\u0130\u00a0<\/strong><\/h3>\n<div class=\"row bg-editor-hr-wrap\">\n<div class=\"col-md-12 col-xs-12 col-sm-12\">\n<div>\n<p>1950&#8217;li y\u0131llarda Pasifik Okyanusu&#8217;nda irili ufakl\u0131 bir\u00e7ok adada ya\u015fayan Macaca Fuscata t\u00fcr\u00fc Japon maymunlar\u0131n\u0131n do\u011fal ortamlar\u0131 i\u00e7indeki davran\u0131\u015flar\u0131n\u0131 y\u0131llarca g\u00f6zlemleyen bilim insanlar\u0131 \u00fczerlerine vazifeymi\u015f gibi 1952&#8217;de Koshima Adas\u0131&#8217;nda maymunlar\u0131n beslenmesi i\u00e7in kumlar\u0131n i\u00e7ine tatl\u0131 patatesler (japoncas\u0131 imo) b\u0131rak\u0131rlar. Maymunlar patatesleri kumlar\u0131n\u0131 temizleyemeden yemeye \u00e7al\u0131\u015f\u0131rlar.<\/p>\n<p>Bir g\u00fcn, on sekiz ayl\u0131k \u0130mo isimli di\u015fi maymun bu soruna bir \u00e7\u00f6z\u00fcm bulur. \u0130mo, tatl\u0131 patatesleri en yak\u0131n su birikintisinde y\u0131kayarak yemeyi ak\u0131l eder. Burada yine insanlar\u0131n bir m\u00fcdahalesi olabilece\u011finden \u015f\u00fcphelenmek de s\u00f6z konusu ama zaten izleyen ki\u015filer antropologlar.\u00a0 Yani uzak k\u00f6klerdeki davran\u0131\u015flar\u0131n k\u00f6kenini bulmaya \u00e7al\u0131\u015fan bilim insanlar\u0131 oldu\u011fu i\u00e7in bu deneme insan sab\u0131rs\u0131zl\u0131\u011f\u0131n\u0131 da \u00f6l\u00e7mek i\u00e7in ho\u015f g\u00f6r\u00fclebilir.<\/p>\n<p>\u0130mo&#8217;nun bu ke\u015ffi k\u0131sa zaman i\u00e7inde ailesi taraf\u0131ndan ve klan taraf\u0131ndan kopyalanarak taklit edilmeye ba\u015flar.\u00a0 Bu yeni davran\u0131\u015f bi\u00e7imi bilim insanlar\u0131n\u0131n g\u00f6zleri \u00f6n\u00fcnde, yava\u015f yava\u015f maymunlar aras\u0131nda yay\u0131l\u0131r.\u00a0 Bu daha sa\u011fl\u0131kl\u0131 ve zevkli yeni davran\u0131\u015f bi\u00e7imini,\u00a0 \u00e7ocuklar\u0131n\u0131 taklit ederek onlardan yeni bir \u015fey \u00f6\u011frenen yeti\u015fkin maymunlar da kazan\u0131r. Lakin n\u00fcfus sembolik 99ncu maymunda t\u0131kan\u0131r. \u0130nat\u00e7\u0131 ya\u015fl\u0131 makaklar bu davran\u0131\u015f\u0131 kopyalamazlar.<\/p>\n<p>Bir sabah, g\u00fcn do\u011farken y\u00fcz\u00fcnc\u00fc maymun da patateslerini y\u0131kayanlar aras\u0131na kat\u0131l\u0131nca i\u015fler de\u011fi\u015fiyor. Ayn\u0131 g\u00fcn\u00fcn ak\u015fam\u0131, adadaki hemen hemen t\u00fcm maymunlar, patateslerini yemeden \u00f6nce y\u0131kamaya ba\u015fl\u0131yor. Y\u00fcz\u00fcnc\u00fc maymunun ilave enerjisi halen bilinmeyen bir sebeple bir k\u0131v\u0131lc\u0131m yarat\u0131nca bu nadir g\u00f6r\u00fclen olaya da bu isim veriliyor.\u00a0 Bilim insanlar\u0131n\u0131 \u015fa\u015f\u0131rtan as\u0131l s\u00fcrpriz, bu adayla do\u011frudan kara ba\u011flant\u0131s\u0131 olmad\u0131\u011f\u0131 halde, di\u011fer adalardaki maymun kolonilerinin de ayn\u0131 anda patateslerini y\u0131kamaya ba\u015flamalar\u0131. &#8220;Y\u00fcz\u00fcnc\u00fc Maymun Fenomeni&#8221; denilen bu g\u00f6zlem ve deney daha sonra Duke \u00dcniversitesi&#8217;nden Doktor J.B. Rhine taraf\u0131ndan de\u011fi\u015fik \u015fekillerde tekrarlanm\u0131\u015f.<\/p>\n<p>Yeni bir d\u00fc\u015f\u00fcnce ya da davran\u0131\u015f bi\u00e7imi toplumda sadece belirli fertler taraf\u0131ndan biliniyorsa, bu yenilik sadece o ki\u015filere ait bir \u015fey oluyor. Ama bilenlerin say\u0131s\u0131 belli bir kritik noktaya ula\u015ft\u0131\u011f\u0131 an, sadece yeni bir ferdin daha yeni davran\u0131\u015f bi\u00e7imini benimsemesi, duygusal arka planda kitle bilincinin\u00a0 s\u0131\u00e7ramas\u0131na yol a\u00e7\u0131yor. Yeni davran\u0131\u015f bi\u00e7imi, birdenbire herkes taraf\u0131ndan d\u00fc\u015f\u00fcn\u00fclmeye ba\u015flan\u0131yor.<\/p>\n<p><strong>Bir davran\u0131\u015f\u0131 veya tutumu yayg\u0131nla\u015ft\u0131rman\u0131z i\u00e7in Pareto analizinden faydalanman\u0131z m\u00fcmk\u00fcnd\u00fcr. Yani y\u00fczde yirmilik bir dilimin bir fikir etraf\u0131nda toplanmas\u0131 b\u00fct\u00fcndeki y\u00fczde sekseni kontrol alt\u0131na alabilir.\u00a0<\/strong><\/p>\n<\/div>\n<\/div>\n<\/div>\n<\/div>\n<\/div>\n<div class=\"col-md-3 col-sm-6 col-xs-6\">\n<div class=\"bg-box\" style=\"padding: 30px 0; margin-left: -10px; margin-right: -10px;\">\n<p>&nbsp;<\/p>\n<p>&nbsp;<\/p>\n<p class=\"\">\n<\/div>\n<\/div>\n<\/div>\n<\/div>\n<\/div>\n","protected":false},"excerpt":{"rendered":"<p>\u00a0Y\u00fcz\u00fcnc\u00fc Fakt\u00f6r, y\u00f6netim dan\u0131\u015fman\u0131 Ufuk Ko\u00e7 taraf\u0131ndan insan kaynaklar\u0131, y\u00f6netim ve kurumsal geli\u015fim dan\u0131\u015fmanl\u0131\u011f\u0131 projelerini hayata ge\u00e7irmek amac\u0131yla 2 Ocak 2009 y\u0131l\u0131nda kuruldu. \u00c7\u00fcnk\u00fc 1 Ocak tatildi..! Hacim olarak sabit kalarak, proje ihtiyac\u0131na g\u00f6re farkl\u0131 dan\u0131\u015fmanlar\u0131n bir araya geldi\u011fi, her projenin ruhuna ve amac\u0131na \u00f6zel insanlar\u0131n kat\u0131ld\u0131\u011f\u0131 tasar\u0131mlar\u0131n alt\u0131na imza att\u0131. Hikayemiz Y\u00fcz\u00fcnc\u00fc Maymun Fenomeninin [&hellip;]<\/p>\n","protected":false},"author":1,"featured_media":319,"parent":0,"menu_order":0,"comment_status":"closed","ping_status":"closed","template":"","meta":{"footnotes":""},"class_list":["post-92","page","type-page","status-publish","has-post-thumbnail","hentry"],"_links":{"self":[{"href":"https:\/\/www.100faktor.com\/index.php\/wp-json\/wp\/v2\/pages\/92","targetHints":{"allow":["GET"]}}],"collection":[{"href":"https:\/\/www.100faktor.com\/index.php\/wp-json\/wp\/v2\/pages"}],"about":[{"href":"https:\/\/www.100faktor.com\/index.php\/wp-json\/wp\/v2\/types\/page"}],"author":[{"embeddable":true,"href":"https:\/\/www.100faktor.com\/index.php\/wp-json\/wp\/v2\/users\/1"}],"replies":[{"embeddable":true,"href":"https:\/\/www.100faktor.com\/index.php\/wp-json\/wp\/v2\/comments?post=92"}],"version-history":[{"count":7,"href":"https:\/\/www.100faktor.com\/index.php\/wp-json\/wp\/v2\/pages\/92\/revisions"}],"predecessor-version":[{"id":613,"href":"https:\/\/www.100faktor.com\/index.php\/wp-json\/wp\/v2\/pages\/92\/revisions\/613"}],"wp:featuredmedia":[{"embeddable":true,"href":"https:\/\/www.100faktor.com\/index.php\/wp-json\/wp\/v2\/media\/319"}],"wp:attachment":[{"href":"https:\/\/www.100faktor.com\/index.php\/wp-json\/wp\/v2\/media?parent=92"}],"curies":[{"name":"wp","href":"https:\/\/api.w.org\/{rel}","templated":true}]}}