{"id":51,"date":"2021-01-25T11:38:51","date_gmt":"2021-01-25T11:38:51","guid":{"rendered":"https:\/\/www.100faktor.com\/about-us\/"},"modified":"2024-12-30T10:02:18","modified_gmt":"2024-12-30T10:02:18","slug":"about-us","status":"publish","type":"page","link":"https:\/\/www.100faktor.com\/index.php\/about-us\/","title":{"rendered":"UFUK KO\u00c7"},"content":{"rendered":"<p>&nbsp;<\/p>\n<div class=\"boldgrid-section\">\n<div class=\"container\">\n<div class=\"row gridblock\">\n<div class=\"col-md-6 col-xs-12 col-sm-12\">\n<h2 class=\"\"><img loading=\"lazy\" decoding=\"async\" class=\"size-medium wp-image-313 alignleft\" src=\"https:\/\/www.100faktor.com\/wp-content\/uploads\/2021\/07\/DSCN5457-300x225.jpg\" alt=\"\" width=\"300\" height=\"225\" srcset=\"https:\/\/www.100faktor.com\/wp-content\/uploads\/2021\/07\/DSCN5457-300x225.jpg 300w, https:\/\/www.100faktor.com\/wp-content\/uploads\/2021\/07\/DSCN5457-1024x768.jpg 1024w, https:\/\/www.100faktor.com\/wp-content\/uploads\/2021\/07\/DSCN5457-768x576.jpg 768w, https:\/\/www.100faktor.com\/wp-content\/uploads\/2021\/07\/DSCN5457-1536x1152.jpg 1536w, https:\/\/www.100faktor.com\/wp-content\/uploads\/2021\/07\/DSCN5457-2048x1536.jpg 2048w, https:\/\/www.100faktor.com\/wp-content\/uploads\/2021\/07\/DSCN5457-1140x855.jpg 1140w\" sizes=\"auto, (max-width: 300px) 100vw, 300px\" \/><\/h2>\n<h2 class=\"\">UFUK KO\u00c7<\/h2>\n<h4 class=\"\">28 YIL MI OLMU\u015e?<\/h4>\n<div class=\"row gridblock bg-editor-hr-wrap\">\n<div class=\"col-md-12 col-xs-12 col-sm-12\">\n<hr \/>\n<\/div>\n<\/div>\n<\/div>\n<div class=\"col-md-6 col-sm-12 col-xs-12\">\n<p class=\"\">\n<\/div>\n<\/div>\n<\/div>\n<\/div>\n<div class=\"boldgrid-section\">\n<div class=\"container\">\n<div class=\"row gridblock\">\n<div class=\"col-md-7 col-margin-bottom col-xs-12 col-sm-12\">\n<p class=\"\">Lisans ve y\u00fcksek lisans e\u011fitimini turizm ve ileti\u015fim alanlar\u0131nda tamamlayan Ufuk Ko\u00e7, on y\u0131l boyunca bu sekt\u00f6r\u00fcn farkl\u0131 kulvarlar\u0131nda hizmet verdi. 1996 y\u0131l\u0131nda turizm alan\u0131nda hem yat\u0131r\u0131m, hem de y\u00f6netim dan\u0131\u015fmanl\u0131\u011f\u0131 hizmetlerine y\u00f6neldi. Be\u015f y\u0131l <strong>\u0130stanbul \u00dcniversitesi<\/strong>nde s\u00fcren \u00f6\u011fretim g\u00f6revlili\u011fi d\u00f6neminin paralelinde ilk kurumsal e\u011fitimlerini vermeye ba\u015flad\u0131. Ayn\u0131 y\u0131llarda <strong>Akademi \u0130stanbul \u0130leti\u015fim ve Sanat Okullar\u0131\u2019<\/strong>nda \u0130leti\u015fim Okulu Ba\u015fkanl\u0131\u011f\u0131 ve Sat\u0131\u015f Direkt\u00f6rl\u00fc\u011f\u00fc g\u00f6revini \u00fcstlendi.<\/p>\n<p class=\"\">2009 y\u0131l\u0131nda <strong>100.Fakt\u00f6r<\/strong> Y\u00f6netim Dan\u0131\u015fmanl\u0131\u011f\u0131n\u0131 kuran ufuk Ko\u00e7, 1996 y\u0131l\u0131nda ba\u015flad\u0131\u011f\u0131 kurumsal e\u011fitimcili\u011fe ek olarak 2002 y\u0131l\u0131ndan itibaren y\u00f6netim dan\u0131\u015fmanl\u0131\u011f\u0131 \u015femsiyesi alt\u0131nda; y\u00f6netici ve kariyer ko\u00e7lu\u011fu, performans y\u00f6netimi sistemleri kurulmas\u0131, de\u011fi\u015fim y\u00f6netimi, s\u00fcre\u00e7 iyile\u015ftirme gibi hizmetleri vermekte. Ko\u00e7, ayr\u0131ca T\u00fcrkiye\u2019deki yabanc\u0131 \u00e7al\u0131\u015fanlara \u0130ngilizce y\u00f6netim, ileti\u015fim, problem \u00e7\u00f6zme, m\u00fczakere ve motivasyon e\u011fitimleri veriyor.<\/p>\n<p class=\"\">2001&#8217;den bu yana NLP pratisyeni olan, NLP tekniklerini t\u00fcm e\u011fitim ve dan\u0131\u015fmanl\u0131k tasar\u0131mlar\u0131na uygulayan Ufuk Ko\u00e7, sat\u0131\u015f profesyonellerinin ya\u015fam ve i\u015f kaliteleriyle sa\u011fl\u0131klar\u0131n\u0131 ele alan, halen \u00fc\u00e7 bask\u0131 yapan <strong>Kur\u015fun \u0130\u015flemez Sat\u0131\u015f\u00e7\u0131<\/strong> kitab\u0131n\u0131 2010 y\u0131l\u0131nda yay\u0131nlad\u0131. Zaman zaman makale, blog yaz\u0131lar\u0131 yan\u0131nda video r\u00f6portajlar\u0131 yay\u0131nlanan Ko\u00e7, karma bir dan\u0131\u015fman toplulu\u011funun kaleme ald\u0131\u011f\u0131 <strong>\u0130tiraz\u0131m Var<\/strong> kitab\u0131n\u0131n da ortak yazarlar\u0131ndan biri.<\/p>\n<p class=\"\">Ko\u00e7, 1967 \u0130stanbul do\u011fumlu. Evli ve bir \u00e7ocuk babas\u0131. Toprakla, su alt\u0131yla, g\u00fczel yemeklerle, gezip tozmakla, de\u011fi\u015fik disiplinlerdeki ara\u015ft\u0131rmalar\u0131 didiklemekle zaman ge\u00e7irmeyi seviyor.<\/p>\n<\/div>\n<div class=\"col-md-5 col-margin-bottom text-center col-xs-12 col-sm-12\">\n<blockquote class=\"wp-embedded-content\" data-secret=\"8L8Zmf2sjG\"><p><a href=\"https:\/\/radyo.stendustri.com.tr\/100-faktor-yonetim-danismanligi-sahibi-ve-kursun-islemez-satisci-kitabinin-yazari-ufuk-koc-satis-dunyasi\/\">100. Fakt\u00f6r Y\u00f6netim Dan\u0131\u015fmanl\u0131\u011f\u0131 Sahibi ve Kur\u015fun \u0130\u015flemez Sat\u0131\u015f\u00e7\u0131 Kitab\u0131n\u0131n Yazar\u0131 Ufuk Ko\u00e7: Sat\u0131\u015f D\u00fcnyas\u0131<\/a><\/p><\/blockquote>\n<p><iframe loading=\"lazy\" class=\"wp-embedded-content\" sandbox=\"allow-scripts\" security=\"restricted\" style=\"position: absolute; visibility: hidden;\" title=\"&#8220;100. Fakt\u00f6r Y\u00f6netim Dan\u0131\u015fmanl\u0131\u011f\u0131 Sahibi ve Kur\u015fun \u0130\u015flemez Sat\u0131\u015f\u00e7\u0131 Kitab\u0131n\u0131n Yazar\u0131 Ufuk Ko\u00e7: Sat\u0131\u015f D\u00fcnyas\u0131&#8221; &#8212; ST End\u00fcstri Radyo\" src=\"https:\/\/radyo.stendustri.com.tr\/100-faktor-yonetim-danismanligi-sahibi-ve-kursun-islemez-satisci-kitabinin-yazari-ufuk-koc-satis-dunyasi\/embed\/#?secret=DBBH7Z7bHD#?secret=8L8Zmf2sjG\" data-secret=\"8L8Zmf2sjG\" width=\"500\" height=\"282\" frameborder=\"0\" marginwidth=\"0\" marginheight=\"0\" scrolling=\"no\"><\/iframe><\/p>\n<\/div>\n<\/div>\n<\/div>\n<\/div>\n<div class=\"boldgrid-section\">\n<div class=\"container\">\n<div class=\"row gridblock\">\n<div class=\"col-md-12 col-xs-12 col-sm-12\">\n<div class=\"mod-space\"><iframe loading=\"lazy\" title=\"Hayat\u0131m\u0131zda \u00dcretkenli\u011fin Yeri Neresi? Ufuk Ko\u00e7\" src=\"https:\/\/www.youtube.com\/embed\/V0bZRQg0EhA\" width=\"640\" height=\"360\" frameborder=\"0\" allowfullscreen=\"allowfullscreen\"><\/iframe><\/div>\n<div class=\"mod-space\"><\/div>\n<div class=\"mod-space\"><\/div>\n<div class=\"mod-space\"><iframe loading=\"lazy\" title=\"M\u00fczakerenin \u0130\u015f Hayat\u0131ndaki Yeri Neresi? Y\u00f6netim Dan\u0131\u015fman\u0131 Ufuk Ko\u00e7\" src=\"https:\/\/www.youtube.com\/embed\/sLRqi9XRlpw\" width=\"640\" height=\"360\" frameborder=\"0\" allowfullscreen=\"allowfullscreen\"><\/iframe><\/div>\n<\/div>\n<\/div>\n<\/div>\n<\/div>\n<div class=\"boldgrid-section\">\n<div class=\"container\">\n<div class=\"row gridblock\">\n<div class=\"col-md-3 col-sm-12 col-xs-12\">\n<p class=\"\">\n<\/div>\n<div class=\"col-md-1 col-sm-12 col-xs-12\">\n<p class=\"\">\n<\/div>\n<div class=\"col-md-8 col-xs-12 col-sm-12\"><\/div>\n<\/div>\n<\/div>\n<\/div>\n<div class=\"boldgrid-section\">\n<div class=\"container\">\n<div class=\"row gridblock\">\n<div class=\"col-md-6 col-margin-bottom text-center col-xs-12 col-sm-12\">\n<p style=\"text-align: left;\">\n<\/div>\n<\/div>\n<\/div>\n<\/div>\n","protected":false},"excerpt":{"rendered":"<p>&nbsp; UFUK KO\u00c7 28 YIL MI OLMU\u015e? Lisans ve y\u00fcksek lisans e\u011fitimini turizm ve ileti\u015fim alanlar\u0131nda tamamlayan Ufuk Ko\u00e7, on y\u0131l boyunca bu sekt\u00f6r\u00fcn farkl\u0131 kulvarlar\u0131nda hizmet verdi. 1996 y\u0131l\u0131nda turizm alan\u0131nda hem yat\u0131r\u0131m, hem de y\u00f6netim dan\u0131\u015fmanl\u0131\u011f\u0131 hizmetlerine y\u00f6neldi. Be\u015f y\u0131l \u0130stanbul \u00dcniversitesinde s\u00fcren \u00f6\u011fretim g\u00f6revlili\u011fi d\u00f6neminin paralelinde ilk kurumsal e\u011fitimlerini vermeye ba\u015flad\u0131. Ayn\u0131 [&hellip;]<\/p>\n","protected":false},"author":1,"featured_media":0,"parent":0,"menu_order":0,"comment_status":"closed","ping_status":"closed","template":"","meta":{"footnotes":""},"class_list":["post-51","page","type-page","status-publish","hentry"],"_links":{"self":[{"href":"https:\/\/www.100faktor.com\/index.php\/wp-json\/wp\/v2\/pages\/51","targetHints":{"allow":["GET"]}}],"collection":[{"href":"https:\/\/www.100faktor.com\/index.php\/wp-json\/wp\/v2\/pages"}],"about":[{"href":"https:\/\/www.100faktor.com\/index.php\/wp-json\/wp\/v2\/types\/page"}],"author":[{"embeddable":true,"href":"https:\/\/www.100faktor.com\/index.php\/wp-json\/wp\/v2\/users\/1"}],"replies":[{"embeddable":true,"href":"https:\/\/www.100faktor.com\/index.php\/wp-json\/wp\/v2\/comments?post=51"}],"version-history":[{"count":10,"href":"https:\/\/www.100faktor.com\/index.php\/wp-json\/wp\/v2\/pages\/51\/revisions"}],"predecessor-version":[{"id":591,"href":"https:\/\/www.100faktor.com\/index.php\/wp-json\/wp\/v2\/pages\/51\/revisions\/591"}],"wp:attachment":[{"href":"https:\/\/www.100faktor.com\/index.php\/wp-json\/wp\/v2\/media?parent=51"}],"curies":[{"name":"wp","href":"https:\/\/api.w.org\/{rel}","templated":true}]}}