{"id":232,"date":"2024-01-01T00:00:57","date_gmt":"2024-01-01T00:00:57","guid":{"rendered":"https:\/\/www.100faktor.com\/?page_id=232"},"modified":"2024-12-30T11:15:51","modified_gmt":"2024-12-30T11:15:51","slug":"referanslarimiz","status":"publish","type":"page","link":"https:\/\/www.100faktor.com\/index.php\/referanslarimiz\/","title":{"rendered":"Deneyimlerimiz"},"content":{"rendered":"<table width=\"706\">\n<tbody>\n<tr>\n<td width=\"217\"><strong>\u0130\u015e ALANI<\/strong><\/td>\n<td width=\"488\"><strong>KURULU\u015eLAR<\/strong><\/td>\n<\/tr>\n<tr>\n<td width=\"217\"><strong>G\u0131da, i\u00e7ecek \u00fcretim-Pazarlama, H\u0131zl\u0131 T\u00fcketim, Sat\u0131\u015f, Medikal<\/strong><\/td>\n<td width=\"488\">Tuborg, Cadbury, Mey \u0130\u00e7ki, Dimes, Metro AG, Eczac\u0131ba\u015f\u0131 T\u00fcketim \u00dcr\u00fcnleri, \u0130ntersports<em>-Voit, <\/em>Tad\u0131m, Philip Morris, Imperial Tobacco, ABC Deterjan, Lansinoh, Medtronic, B\u0131\u00e7ak\u00e7\u0131lar Medikal<\/td>\n<\/tr>\n<tr>\n<td width=\"217\"><strong>Otomotiv<\/strong><\/td>\n<td width=\"488\">Agnst-Pfistner, BP-Castrol Madeni Ya\u011flar, Petrol Ofisi-OMV, Shell, Volvo Cars, Otoko\u00e7, Bosch-Rexroth, CMS Jant, Oyak Renault, Otokar, Mako, Uzer Makina, Pirelli, Posco Assan, Mutlu Ak\u00fc, Oacon<\/td>\n<\/tr>\n<tr>\n<td width=\"217\"><strong>\u0130la\u00e7, Kimya, Maden, Enerji, Ka\u011f\u0131t, Orman \u00dcr\u00fcnleri\u00a0, \u0130klimlendirme<\/strong><\/td>\n<td width=\"488\">Colgate, BASF, \u0130pragaz, AnaGold,, Assan Aluminyum, ABB, MMG Graphia, Areva-Alstom, Hayat Kimya, Kastamonu Entegre, Sanko Enerji, Vaillant Group, Demird\u00f6k\u00fcm, Johnson Controls, Opet, Mutlu Ak\u00fc, Mitsubishi Electrics, Pfizer, Kocaman-Sokar Petrolc\u00fcl\u00fck, Akdeniz Chemson-Oyak<\/td>\n<\/tr>\n<tr>\n<td width=\"217\"><strong>Banka, Finans<\/strong><\/td>\n<td width=\"488\">BNP, Garanti Bankas\u0131, Yap\u0131 Kredi Bankas\u0131, Denizbank, Lycian Consulting, Gedik Yat\u0131r\u0131m<\/td>\n<\/tr>\n<tr>\n<td width=\"217\"><strong>Sigorta<\/strong><\/td>\n<td width=\"488\">Ergo, Axa, Aviva, Liberty, HDI, Groupama, Allianz,\u00a0AON, Metlife<\/td>\n<\/tr>\n<tr>\n<td width=\"217\"><strong>Ma\u011fazac\u0131l\u0131k, Perakende<\/strong><\/td>\n<td width=\"488\">Magrabi, Swarovski, Mavi Jeans, Watsons, Shaya Group, Migros, Real, Vatan Bilgisayar, Pa\u015fabah\u00e7e, Pandora<\/td>\n<\/tr>\n<tr>\n<td width=\"217\"><strong>E\u011fitim<\/strong><\/td>\n<td width=\"488\">Sabanc\u0131 \u00dcniversitesi, Bilgi \u00dcniversitesi<\/td>\n<\/tr>\n<tr>\n<td width=\"217\"><strong>Hizmet, Turizm, Ta\u015f\u0131mac\u0131l\u0131k, Lojistik<\/strong><\/td>\n<td width=\"488\">T\u00dcVT\u00dcRK, Webhelp, Vestel M\u00fc\u015fteri Hizmetleri, Via-Marin, Via Port Crowne Plaza Otel, The Marmara Collection, PWC, Deloitte, KPMG, Desba\u015f, Edenred, TNT, \u00c7elebi, \u00c7etur, Chep, SGS, Sony Euresia, Setur, HIS, Dorak Group, Kamil Ko\u00e7, Dr Pilus, GlobeLink Unimar Logistics, BNI T\u00fcrkiye, CTT World Wide Logistics, Setur, sahibinden.com, Envoyo, Dubai Port, Hyve Fuarc\u0131l\u0131k, \u0130NKA Dan\u0131\u015fmanl\u0131k, Sahibinden.com<\/td>\n<\/tr>\n<tr>\n<td width=\"217\"><strong>Mimari, Tasar\u0131m, Yap\u0131<\/strong><\/td>\n<td width=\"488\">Weber-Markem, Ko\u00e7ta\u015f, Hamm Design, Sika<\/td>\n<\/tr>\n<\/tbody>\n<\/table>\n","protected":false},"excerpt":{"rendered":"<p>\u0130\u015e ALANI KURULU\u015eLAR G\u0131da, i\u00e7ecek \u00fcretim-Pazarlama, H\u0131zl\u0131 T\u00fcketim, Sat\u0131\u015f, Medikal Tuborg, Cadbury, Mey \u0130\u00e7ki, Dimes, Metro AG, Eczac\u0131ba\u015f\u0131 T\u00fcketim \u00dcr\u00fcnleri, \u0130ntersports-Voit, Tad\u0131m, Philip Morris, Imperial Tobacco, ABC Deterjan, Lansinoh, Medtronic, B\u0131\u00e7ak\u00e7\u0131lar Medikal Otomotiv Agnst-Pfistner, BP-Castrol Madeni Ya\u011flar, Petrol Ofisi-OMV, Shell, Volvo Cars, Otoko\u00e7, Bosch-Rexroth, CMS Jant, Oyak Renault, Otokar, Mako, Uzer Makina, Pirelli, Posco Assan, [&hellip;]<\/p>\n","protected":false},"author":2,"featured_media":351,"parent":0,"menu_order":0,"comment_status":"closed","ping_status":"closed","template":"","meta":{"footnotes":""},"class_list":["post-232","page","type-page","status-publish","has-post-thumbnail","hentry"],"_links":{"self":[{"href":"https:\/\/www.100faktor.com\/index.php\/wp-json\/wp\/v2\/pages\/232","targetHints":{"allow":["GET"]}}],"collection":[{"href":"https:\/\/www.100faktor.com\/index.php\/wp-json\/wp\/v2\/pages"}],"about":[{"href":"https:\/\/www.100faktor.com\/index.php\/wp-json\/wp\/v2\/types\/page"}],"author":[{"embeddable":true,"href":"https:\/\/www.100faktor.com\/index.php\/wp-json\/wp\/v2\/users\/2"}],"replies":[{"embeddable":true,"href":"https:\/\/www.100faktor.com\/index.php\/wp-json\/wp\/v2\/comments?post=232"}],"version-history":[{"count":8,"href":"https:\/\/www.100faktor.com\/index.php\/wp-json\/wp\/v2\/pages\/232\/revisions"}],"predecessor-version":[{"id":588,"href":"https:\/\/www.100faktor.com\/index.php\/wp-json\/wp\/v2\/pages\/232\/revisions\/588"}],"wp:featuredmedia":[{"embeddable":true,"href":"https:\/\/www.100faktor.com\/index.php\/wp-json\/wp\/v2\/media\/351"}],"wp:attachment":[{"href":"https:\/\/www.100faktor.com\/index.php\/wp-json\/wp\/v2\/media?parent=232"}],"curies":[{"name":"wp","href":"https:\/\/api.w.org\/{rel}","templated":true}]}}